{"id":798,"date":"2021-04-21T11:00:17","date_gmt":"2021-04-21T11:00:17","guid":{"rendered":"http:\/\/www.khz-vidalbini.com\/?page_id=798"},"modified":"2021-06-15T12:16:11","modified_gmt":"2021-06-15T12:16:11","slug":"jusqua-los-avignon-off-2021","status":"publish","type":"page","link":"https:\/\/www.khz-vidalbini.com\/?page_id=798","title":{"rendered":"Jusqu&rsquo;\u00e0 l&rsquo;os \/ Avignon OFF 2021"},"content":{"rendered":"<p><em><strong>JUSQU&rsquo;\u00c0 L&rsquo;OS<\/strong><\/em>\u00a0au festival d&rsquo;Avignon OFF 2021 !<br \/>Spectacle s\u00e9lectionn\u00e9 et soutenu par la R\u00e9gion Grand Est \/ Union Europ\u00e9enne &#8211; Fonds Europ\u00e9en de D\u00e9veloppement R\u00e9gional<\/p>\n<p>du <strong>7<\/strong> au <strong>26 juillet<\/strong>, \u00e0 <strong>9h30<\/strong> \/\u00a0dur\u00e9e 40 minutes \/ rel\u00e2che les mardi \u00a013 et 20 juillet<br \/>\u00e0 la <strong>Caserne<\/strong> des Pompiers, 116 rue de la Carreterie, 84000 Avignon<br \/>R\u00e9servation et billetterie <a href=\"https:\/\/www.billetweb.fr\/jusqua-los\" target=\"_blank\" rel=\"noopener\">cliquer ici<\/a> !!<\/p>\n          <style type=\"text\/css\" id=\"vimeography-gallery-9-custom-css\">\n        \n      \n          <\/style>\n            <div id=\"vimeography-gallery-9\" class=\"vimeography-theme-harvestone\" data-version=\"2.1\"  itemscope itemtype=\"http:\/\/schema.org\/VideoGallery\">\n        <div id=\"subbie\">\n          <gallery><\/gallery>\n        <\/div>\n      <\/div>\n    \n<p>Plein le dos d\u2019entendre : \u00ab Tiens-toi droit ! \u00bb ? Non seulement c\u2019est casse-pieds, mais en plus, c\u2019est pas possible avec une colonne vert\u00e9brale pleine de courbes ! Clavicule, c\u00f4tes flottantes, sacrum ou m\u00e9tatarses\u2026 C\u2019est quoi ces noms bizarres ? Flexions, extensions, rotations, spirales \u2026 les os, les articulations, comment \u00e7a bouge ?<br \/><em><strong>JUSQU&rsquo;\u00c0 L&rsquo;OS<\/strong> <\/em>explore le corps humain, \u00e0 la d\u00e9couverte de son architecture et toutes ses possibilit\u00e9s. La danseuse Caroline Allaire y expose et d\u00e9cline les formes, la mobilit\u00e9 et l\u2019usage des os : des pieds au cr\u00e2ne en passant par les hanches, sa danse ludique, sensible et pr\u00e9cise est accompagn\u00e9e par un univers sonore sp\u00e9cialement choisi pour chaque partie du corps.<br \/>Sous le regard d\u2019un petit squelette qui semble vouloir la rejoindre dans cette dr\u00f4le de danse, <em><strong>JUSQU\u2019\u00c0 L\u2019OS<\/strong><\/em> nous embarque dans un \u00e9tonnant voyage anatomique haut en couleurs, o\u00f9 la po\u00e9sie du corps qui bouge et la pr\u00e9cision de la science c\u00f4toient l\u2019imaginaire des mots et des gestes.<\/p>\n\n\n<p><\/p>\n","protected":false},"excerpt":{"rendered":"<p>JUSQU&rsquo;\u00c0 L&rsquo;OS\u00a0au festival d&rsquo;Avignon OFF 2021 !Spectacle s\u00e9lectionn\u00e9 et soutenu par la R\u00e9gion Grand Est \/ Union Europ\u00e9enne &#8211; Fonds Europ\u00e9en de D\u00e9veloppement R\u00e9gional du 7 au 26 juillet, \u00e0 9h30 \/\u00a0dur\u00e9e 40 minutes \/ rel\u00e2che les mardi \u00a013 et 20 juillet\u00e0 la Caserne des Pompiers, 116 rue de la Carreterie, 84000 AvignonR\u00e9servation et billetterie [&hellip;]<\/p>\n","protected":false},"author":1,"featured_media":0,"parent":0,"menu_order":0,"comment_status":"closed","ping_status":"closed","template":"","meta":{"footnotes":""},"class_list":["post-798","page","type-page","status-publish","hentry"],"_links":{"self":[{"href":"https:\/\/www.khz-vidalbini.com\/index.php?rest_route=\/wp\/v2\/pages\/798","targetHints":{"allow":["GET"]}}],"collection":[{"href":"https:\/\/www.khz-vidalbini.com\/index.php?rest_route=\/wp\/v2\/pages"}],"about":[{"href":"https:\/\/www.khz-vidalbini.com\/index.php?rest_route=\/wp\/v2\/types\/page"}],"author":[{"embeddable":true,"href":"https:\/\/www.khz-vidalbini.com\/index.php?rest_route=\/wp\/v2\/users\/1"}],"replies":[{"embeddable":true,"href":"https:\/\/www.khz-vidalbini.com\/index.php?rest_route=%2Fwp%2Fv2%2Fcomments&post=798"}],"version-history":[{"count":22,"href":"https:\/\/www.khz-vidalbini.com\/index.php?rest_route=\/wp\/v2\/pages\/798\/revisions"}],"predecessor-version":[{"id":885,"href":"https:\/\/www.khz-vidalbini.com\/index.php?rest_route=\/wp\/v2\/pages\/798\/revisions\/885"}],"wp:attachment":[{"href":"https:\/\/www.khz-vidalbini.com\/index.php?rest_route=%2Fwp%2Fv2%2Fmedia&parent=798"}],"curies":[{"name":"wp","href":"https:\/\/api.w.org\/{rel}","templated":true}]}}