{"id":587,"date":"2019-04-29T12:57:42","date_gmt":"2019-04-29T12:57:42","guid":{"rendered":"http:\/\/www.khz-vidalbini.com\/?page_id=587"},"modified":"2024-10-23T18:09:10","modified_gmt":"2024-10-23T18:09:10","slug":"theatre-du-marche-aux-grains-2","status":"publish","type":"page","link":"https:\/\/www.khz-vidalbini.com\/?page_id=587","title":{"rendered":""},"content":{"rendered":"<div class=\"vce-row-container\" data-vce-boxed-width=\"true\"><div class=\"vce-row vce-element--has-background vce-row--col-gap-30 vce-row-content--top\" id=\"el-e7b3040e\" data-vce-do-apply=\"all el-e7b3040e\"><div class=\"vce-content-background-container\"><div class=\"vce-asset-background-simple-container vce-visible-all-only vce-asset-background-simple--style-cover vce-asset-background-simple--position-center-top\"><div class=\"vce-asset-background-simple\">\n              <div class=\"vce-asset-background-simple-item vcv-lozad\" data-background-image=\"https:\/\/www.khz-vidalbini.com\/wp\/wp-content\/uploads\/2024\/09\/THEATRE-2.jpg\"><\/div>\n              <noscript>\n                <div class=\"vce-asset-background-simple-item\" style=\"background-image: url(https:\/\/www.khz-vidalbini.com\/wp\/wp-content\/uploads\/2024\/09\/THEATRE-2.jpg)\"><\/div>\n              <\/noscript>\n            <\/div><\/div><div class=\"vce-asset-color-gradient-container vce-visible-all-only\" data-vce-do-apply=\"gradient el-e7b3040e\"><\/div><\/div><div class=\"vce-row-content\" data-vce-element-content=\"true\"><div class=\"vce-col vce-col--md-73p vce-col--xs-1 vce-col--xs-last vce-col--xs-first vce-col--sm-last vce-col--sm-first vce-col--md-first vce-col--lg-first vce-col--xl-first\" id=\"el-025ed608\"><div class=\"vce-col-inner\" data-vce-do-apply=\"border margin background  el-025ed608\"><div class=\"vce-col-content\" data-vce-element-content=\"true\" data-vce-do-apply=\"padding el-025ed608\"><div class=\"vce-google-fonts-heading vce-google-fonts-heading--align-left vce-google-fonts-heading--color-b-255-255-255--45--5C00FF--FF7200 vce-google-fonts-heading--font-family-Fira-Sans\"><div id=\"el-89d9f0bd\" class=\"vce-google-fonts-heading-wrapper\"><div class=\"vce-google-fonts-heading--background vce\" data-vce-do-apply=\"border background  padding margin el-89d9f0bd\"><h1 class=\"vce-google-fonts-heading-inner\" style=\"font-size: 40px; line-height: 1.2; font-weight: 600; font-style: normal;\">Th\u00e9\u00e2tre du March\u00e9 aux Grains<\/h1><\/div><\/div><\/div><div class=\"vce-text-block\"><div class=\"vce-text-block-wrapper vce\" id=\"el-ccb01cec\" data-vce-do-apply=\"all el-ccb01cec\"><p style=\"line-height: 1.25;\"><span style=\"font-family: 'Fira Sans'; font-size: 12pt; color: #ffffff; font-weight: 400; font-style: normal;\">Depuis juillet 2016, Vidal BINI dirige le <a style=\"color: #ffffff;\" href=\"http:\/\/theaboux.eu\" target=\"_blank\" rel=\"noopener noreferrer\">Th\u00e9\u00e2tre du March\u00e9 aux Grains<\/a>, Atelier de Fabrique Artistique \u00e0 Bouxwiller, dans le Bas-Rhin.<\/span><\/p>\n<p style=\"line-height: 1.25;\"><span style=\"font-family: 'Fira Sans'; font-size: 12pt; color: #ffffff; font-weight: 400; font-style: normal;\">KiloHertZ est de fait compagnie partenaire du Th\u00e9\u00e2tre du March\u00e9 aux Grains et participe activement aux actions d\u00e9velopp\u00e9es par la structure dans son territoire d'accueil.<\/span><\/p>\n<p style=\"line-height: 1.25;\"><span style=\"font-family: 'Fira Sans'; font-size: 12pt; color: #ffffff; font-weight: 400; font-style: normal;\">\u00c0 partir de, et pour, ce lieu d\u00e9di\u00e9 aux r\u00e9sidences d'artistes, \u00e0 la recherche, \u00e0 l'initiation et \u00e0 la transmission des pratiques artistiques, ainsi qu'au lien entre la cr\u00e9ation contemporaine et la vie quotidienne d'un territoire dit rural, KiloHertZ poursuit sa d\u00e9marche de cr\u00e9ation et de partage, en r\u00e9sonance avec les dynamiques multiples qui traversent le territoire.<\/span><\/p><\/div><\/div><div class=\"vce-button--style-basic-container vce-button--style-basic-container--align-left\"><span class=\"vce-button--style-basic-wrapper vce\" id=\"el-3cb03a9d\" data-vce-do-apply=\"margin el-3cb03a9d\"><a class=\"vce-button vce-button--style-basic vce-button--style-basic--border-rounded vce-button--style-basic--size-medium vce-button--style-basic--color-ba-0-0-0-0--fff vce-button--style-basic--hover-color-b-255-255-255--b-22-176-149\" href=\"http:\/\/theaboux.eu\/\" title=\"\" target=\"_blank\" data-vce-do-apply=\"padding border background  el-3cb03a9d\" rel=\"noopener\">vers le site du Th\u00e9\u00e2tre du March\u00e9 aux grains<\/a><\/span><\/div><\/div><\/div><\/div><div class=\"vce-col vce-col--md-27p vce-col--xs-1 vce-col--xs-last vce-col--xs-first vce-col--sm-last vce-col--sm-first vce-col--md-last vce-col--lg-last vce-col--xl-last\" id=\"el-248eb01d\"><div class=\"vce-col-inner\" data-vce-do-apply=\"border margin background  el-248eb01d\"><div class=\"vce-col-content\" data-vce-element-content=\"true\" data-vce-do-apply=\"padding el-248eb01d\"><div class=\"vcv-row-control-wrapper\"><\/div><\/div><\/div><\/div><\/div><\/div><\/div>","protected":false},"excerpt":{"rendered":"<p>Th\u00e9\u00e2tre du March\u00e9 aux GrainsDepuis juillet 2016, Vidal BINI dirige le Th\u00e9\u00e2tre du March\u00e9 aux Grains, Atelier de Fabrique Artistique \u00e0 Bouxwiller, dans le Bas-Rhin. KiloHertZ est de fait compagnie partenaire du Th\u00e9\u00e2tre du March\u00e9 aux Grains et participe activement aux actions d\u00e9velopp\u00e9es par la structure dans son territoire d&rsquo;accueil. \u00c0 partir de, et pour, [&hellip;]<\/p>\n","protected":false},"author":1,"featured_media":582,"parent":0,"menu_order":0,"comment_status":"closed","ping_status":"closed","template":"","meta":{"footnotes":""},"class_list":["post-587","page","type-page","status-publish","has-post-thumbnail","hentry"],"_links":{"self":[{"href":"https:\/\/www.khz-vidalbini.com\/index.php?rest_route=\/wp\/v2\/pages\/587","targetHints":{"allow":["GET"]}}],"collection":[{"href":"https:\/\/www.khz-vidalbini.com\/index.php?rest_route=\/wp\/v2\/pages"}],"about":[{"href":"https:\/\/www.khz-vidalbini.com\/index.php?rest_route=\/wp\/v2\/types\/page"}],"author":[{"embeddable":true,"href":"https:\/\/www.khz-vidalbini.com\/index.php?rest_route=\/wp\/v2\/users\/1"}],"replies":[{"embeddable":true,"href":"https:\/\/www.khz-vidalbini.com\/index.php?rest_route=%2Fwp%2Fv2%2Fcomments&post=587"}],"version-history":[{"count":15,"href":"https:\/\/www.khz-vidalbini.com\/index.php?rest_route=\/wp\/v2\/pages\/587\/revisions"}],"predecessor-version":[{"id":2069,"href":"https:\/\/www.khz-vidalbini.com\/index.php?rest_route=\/wp\/v2\/pages\/587\/revisions\/2069"}],"wp:featuredmedia":[{"embeddable":true,"href":"https:\/\/www.khz-vidalbini.com\/index.php?rest_route=\/wp\/v2\/media\/582"}],"wp:attachment":[{"href":"https:\/\/www.khz-vidalbini.com\/index.php?rest_route=%2Fwp%2Fv2%2Fmedia&parent=587"}],"curies":[{"name":"wp","href":"https:\/\/api.w.org\/{rel}","templated":true}]}}