{"id":526,"date":"2019-04-25T17:00:20","date_gmt":"2019-04-25T17:00:20","guid":{"rendered":"http:\/\/www.khz-vidalbini.com\/?page_id=526"},"modified":"2024-10-23T18:10:03","modified_gmt":"2024-10-23T18:10:03","slug":"kilohertz","status":"publish","type":"page","link":"https:\/\/www.khz-vidalbini.com\/?page_id=526","title":{"rendered":""},"content":{"rendered":"<div class=\"vce-row-container\"><div class=\"vce-row vce-element--has-background vce-row--col-gap-30 vce-row-content--top\" data-vce-full-width=\"true\" id=\"el-7cdc331e\" data-vce-do-apply=\"all el-7cdc331e\"><div class=\"vce-content-background-container\"><div class=\"vce-asset-background-simple-container vce-visible-all-only vce-asset-background-simple--style-cover vce-asset-background-simple--position-right-top\"><div class=\"vce-asset-background-simple\">\n              <div class=\"vce-asset-background-simple-item vcv-lozad\" data-background-image=\"https:\/\/www.khz-vidalbini.com\/wp\/wp-content\/uploads\/2017\/09\/visuel-1.jpg\"><\/div>\n              <noscript>\n                <div class=\"vce-asset-background-simple-item\" style=\"background-image: url(https:\/\/www.khz-vidalbini.com\/wp\/wp-content\/uploads\/2017\/09\/visuel-1.jpg)\"><\/div>\n              <\/noscript>\n            <\/div><\/div><div class=\"vce-asset-color-gradient-container vce-visible-all-only\" data-vce-do-apply=\"gradient el-7cdc331e\"><\/div><\/div><div class=\"vce-row-content\" data-vce-element-content=\"true\"><div class=\"vce-col vce-col--md-30p vce-col--xs-1 vce-col--xs-last vce-col--xs-first vce-col--sm-last vce-col--sm-first vce-col--md-first vce-col--lg-first vce-col--xl-first\" id=\"el-4bbaa0b3\"><div class=\"vce-col-inner\" data-vce-do-apply=\"border margin background  el-4bbaa0b3\"><div class=\"vce-col-content\" data-vce-element-content=\"true\" data-vce-do-apply=\"padding el-4bbaa0b3\"><div class=\"vce-google-fonts-heading vce-google-fonts-heading--align-left vce-google-fonts-heading--color-b-255-255-255--45--5C00FF--FF7200 vce-google-fonts-heading--font-family-Fira-Sans\"><div id=\"el-f322f421\" class=\"vce-google-fonts-heading-wrapper\"><div class=\"vce-google-fonts-heading--background vce\" data-vce-do-apply=\"border background  padding margin el-f322f421\"><h1 class=\"vce-google-fonts-heading-inner\" style=\"font-size: 40px; line-height: 1.2; letter-spacing: 8px; font-weight: 600; font-style: normal;\">KiloHertZ<\/h1><\/div><\/div><\/div><div class=\"vce-button--style-basic-container vce-button--style-basic-container--align-left\"><span class=\"vce-button--style-basic-wrapper vce\" id=\"el-25bf1acc\" data-vce-do-apply=\"margin el-25bf1acc\"><a class=\"vce-button vce-button--style-basic vce-button--style-basic--border-rounded vce-button--style-basic--size-medium vce-button--style-basic--color-ba-0-0-0-0--fff vce-button--style-basic--hover-color-b-255-255-255--b-22-176-149\" href=\"https:\/\/www.khz-vidalbini.com\/?page_id=1503\" title=\"\" data-vce-do-apply=\"padding border background  el-25bf1acc\">l'\u00e9quipe<\/a><\/span><\/div><div class=\"vce-button--style-basic-container vce-button--style-basic-container--align-left\"><span class=\"vce-button--style-basic-wrapper vce\" id=\"el-376fcbc7\" data-vce-do-apply=\"margin el-376fcbc7\"><a class=\"vce-button vce-button--style-basic vce-button--style-basic--border-rounded vce-button--style-basic--size-medium vce-button--style-basic--color-ba-0-0-0-0--fff vce-button--style-basic--hover-color-b-255-255-255--b-22-176-149\" href=\"https:\/\/www.khz-vidalbini.com\/?page_id=1478\" title=\"\" data-vce-do-apply=\"padding border background  el-376fcbc7\">CONTACTS<\/a><\/span><\/div><\/div><\/div><\/div><div class=\"vce-col vce-col--md-70p vce-col--xs-1 vce-col--xs-last vce-col--xs-first vce-col--sm-last vce-col--sm-first vce-col--md-last vce-col--lg-last vce-col--xl-last\" id=\"el-dc6302ce\"><div class=\"vce-col-inner\" data-vce-do-apply=\"border margin background  el-dc6302ce\"><div class=\"vce-col-content\" data-vce-element-content=\"true\" data-vce-do-apply=\"padding el-dc6302ce\"><div class=\"vce-text-block\"><div class=\"vce-text-block-wrapper vce\" id=\"el-c7b1531a\" data-vce-do-apply=\"all el-c7b1531a\"><p style=\"font-weight: 400; line-height: 1.25; text-align: left;\"><span style=\"font-family: 'Fira Sans'; color: #ffffff; font-size: 12pt;\"><strong>KiloHertZ<\/strong> est un projet d\u2019exp\u00e9rimentation artistique fond\u00e9 en 2009 et implant\u00e9 \u00e0 Strasbourg.<\/span><\/p>\n<p style=\"font-weight: 400; line-height: 1.25; text-align: left;\"><span style=\"font-family: 'Fira Sans'; color: #ffffff; font-size: 12pt;\">Le hertz, unit\u00e9 de mesure du nombre de r\u00e9p\u00e9titions d\u2019un ph\u00e9nom\u00e8ne p\u00e9riodique par seconde, \u00e9voque la volont\u00e9 de KiloHertZ d\u2019\u00eatre dans une action de dur\u00e9e \u00e0 travers la multiplicit\u00e9 de ses projets. C\u2019est l\u2019image d\u2019une onde, allant successivement de l\u2019art \u00e0 la vie et de la vie \u00e0 l\u2019art.<\/span><\/p>\n<p style=\"font-weight: 400; line-height: 1.25; text-align: left;\"><span style=\"font-family: 'Fira Sans'; color: #ffffff; font-size: 12pt;\">L\u2019association porte le travail chor\u00e9graphique de cr\u00e9ation et de transmission des chor\u00e9graphes Vidal BINI et Caroline ALLAIRE, qui croise le mouvement, l\u2019image, le son, le langage, et est engag\u00e9 dans l\u2019invention et la fabrication de dispositifs in\u00e9dits pour le public.<\/span><\/p>\n<p style=\"font-weight: 400; line-height: 1.25; text-align: left;\"><span style=\"font-family: 'Fira Sans'; color: #ffffff; font-size: 12pt;\">Les spectacles produits par KiloHertZ explorent l\u2019id\u00e9e d\u2019une \u00e9criture en temps r\u00e9el : les mati\u00e8res dans\u00e9es, les atmosph\u00e8res musicales, la lumi\u00e8re, les images sont compos\u00e9es, assembl\u00e9es et propos\u00e9es aux spectateurs en direct. Le temps de la repr\u00e9sentation est celui de la coexistence des champs artistiques autant que de la cohabitation du spectacle et du public.<\/span><\/p>\n<p style=\"font-weight: 400; line-height: 1.25; text-align: left;\"><span style=\"font-family: 'Fira Sans'; color: #ffffff; font-size: 12pt;\">En parall\u00e8le de cette activit\u00e9 de recherche et de cr\u00e9ation professionnelle, KiloHertZ m\u00e8ne une action d\u2019initiation et de pratique de la danse en milieux scolaires et amateurs. Cette action est indissociable du travail de cr\u00e9ation, de la pratique et son enseignement qui sont trois faisceaux de la m\u00eame corde, tress\u00e9s les uns aux autres.<\/span><\/p>\n<p style=\"font-weight: 400; line-height: 1.25; text-align: left;\"><span style=\"font-family: 'Fira Sans'; color: #ffffff; font-size: 12pt;\">Les notions de fabrication, d\u2019accessibilit\u00e9, de partage, d\u2019\u00e9change et de co-existence sont primordiales, elles font cette perm\u00e9abilit\u00e9 constante qui caract\u00e9rise la d\u00e9marche artistique et humaine de <strong>KiloHertZ<\/strong>.<\/span><\/p><\/div><\/div><\/div><\/div><\/div><\/div><\/div><\/div>\n","protected":false},"excerpt":{"rendered":"<p>KiloHertZl&rsquo;\u00e9quipeCONTACTSKiloHertZ est un projet d\u2019exp\u00e9rimentation artistique fond\u00e9 en 2009 et implant\u00e9 \u00e0 Strasbourg. Le hertz, unit\u00e9 de mesure du nombre de r\u00e9p\u00e9titions d\u2019un ph\u00e9nom\u00e8ne p\u00e9riodique par seconde, \u00e9voque la volont\u00e9 de KiloHertZ d\u2019\u00eatre dans une action de dur\u00e9e \u00e0 travers la multiplicit\u00e9 de ses projets. C\u2019est l\u2019image d\u2019une onde, allant successivement de l\u2019art \u00e0 la [&hellip;]<\/p>\n","protected":false},"author":1,"featured_media":0,"parent":0,"menu_order":0,"comment_status":"closed","ping_status":"closed","template":"","meta":{"footnotes":""},"class_list":["post-526","page","type-page","status-publish","hentry"],"_links":{"self":[{"href":"https:\/\/www.khz-vidalbini.com\/index.php?rest_route=\/wp\/v2\/pages\/526","targetHints":{"allow":["GET"]}}],"collection":[{"href":"https:\/\/www.khz-vidalbini.com\/index.php?rest_route=\/wp\/v2\/pages"}],"about":[{"href":"https:\/\/www.khz-vidalbini.com\/index.php?rest_route=\/wp\/v2\/types\/page"}],"author":[{"embeddable":true,"href":"https:\/\/www.khz-vidalbini.com\/index.php?rest_route=\/wp\/v2\/users\/1"}],"replies":[{"embeddable":true,"href":"https:\/\/www.khz-vidalbini.com\/index.php?rest_route=%2Fwp%2Fv2%2Fcomments&post=526"}],"version-history":[{"count":16,"href":"https:\/\/www.khz-vidalbini.com\/index.php?rest_route=\/wp\/v2\/pages\/526\/revisions"}],"predecessor-version":[{"id":2071,"href":"https:\/\/www.khz-vidalbini.com\/index.php?rest_route=\/wp\/v2\/pages\/526\/revisions\/2071"}],"wp:attachment":[{"href":"https:\/\/www.khz-vidalbini.com\/index.php?rest_route=%2Fwp%2Fv2%2Fmedia&parent=526"}],"curies":[{"name":"wp","href":"https:\/\/api.w.org\/{rel}","templated":true}]}}