{"id":1463,"date":"2024-09-28T09:46:37","date_gmt":"2024-09-28T09:46:37","guid":{"rendered":"https:\/\/www.khz-vidalbini.com\/?page_id=1463"},"modified":"2025-12-17T14:51:53","modified_gmt":"2025-12-17T14:51:53","slug":"visual-composer-1463","status":"publish","type":"page","link":"https:\/\/www.khz-vidalbini.com\/?page_id=1463","title":{"rendered":""},"content":{"rendered":"<div class=\"vce-row-container\" data-vce-boxed-width=\"true\"><div class=\"vce-row vce-row--col-gap-30 vce-row-equal-height vce-row-content--top\" id=\"el-9e379102\" data-vce-do-apply=\"all el-9e379102\"><div class=\"vce-content-background-container\"><\/div><div class=\"vce-row-content\" data-vce-element-content=\"true\"><div class=\"vce-col vce-col--md-auto vce-col--xs-1 vce-col--xs-last vce-col--xs-first vce-col--sm-last vce-col--sm-first vce-col--md-last vce-col--lg-last vce-col--xl-last vce-col--md-first vce-col--lg-first vce-col--xl-first\" id=\"el-d6f03b7a\"><div class=\"vce-col-inner\" data-vce-do-apply=\"border margin background  el-d6f03b7a\"><div class=\"vce-col-content\" data-vce-element-content=\"true\" data-vce-do-apply=\"padding el-d6f03b7a\"><div class=\"vce-text-block\"><div class=\"vce-text-block-wrapper vce\" id=\"el-ca61c7c6\" data-vce-do-apply=\"all el-ca61c7c6\"><\/div><\/div><\/div><\/div><\/div><\/div><\/div><\/div><div class=\"vce-row-container\" data-vce-boxed-width=\"true\"><div class=\"vce-row vce-element--has-background vce-row--col-gap-30 vce-row-equal-height vce-row-content--top\" id=\"el-b9b3c77a\" data-vce-do-apply=\"all el-b9b3c77a\"><div class=\"vce-content-background-container\"><div class=\"vce-asset-color-gradient-container vce-visible-all-only\" data-vce-do-apply=\"gradient el-b9b3c77a\"><\/div><\/div><div class=\"vce-row-content\" data-vce-element-content=\"true\"><div class=\"vce-col vce-col--md-auto vce-col--xs-1 vce-col--xs-last vce-col--xs-first vce-col--sm-last vce-col--sm-first vce-col--md-first vce-col--lg-first vce-col--xl-first\" id=\"el-90070203\"><div class=\"vce-col-inner\" data-vce-do-apply=\"border margin background  el-90070203\"><div class=\"vce-col-content\" data-vce-element-content=\"true\" data-vce-do-apply=\"padding el-90070203\"><div class=\"vce-single-image-container vce-single-image--align-center\"><div class=\"vce vce-single-image-wrapper\" id=\"el-22d305a5\" data-vce-do-apply=\"all el-22d305a5\"><figure><div class=\"vce-single-image-figure-inner\" style=\"width: 884px;\"><div class=\"vce-single-image-inner vce-single-image--absolute vce-single-image--border-rounded\" style=\"width: 100%; padding-bottom: 115.837%;\"><img loading=\"lazy\" decoding=\"async\" class=\"vce-single-image\"  width=\"884\" height=\"1024\" srcset=\"https:\/\/www.khz-vidalbini.com\/wp\/wp-content\/uploads\/2024\/09\/CCNR7748-320x370.jpg 320w, https:\/\/www.khz-vidalbini.com\/wp\/wp-content\/uploads\/2024\/09\/CCNR7748-480x556.jpg 480w, https:\/\/www.khz-vidalbini.com\/wp\/wp-content\/uploads\/2024\/09\/CCNR7748-800x926.jpg 800w, https:\/\/www.khz-vidalbini.com\/wp\/wp-content\/uploads\/2025\/12\/CCNR7748-884x1024.jpg 884w, https:\/\/www.khz-vidalbini.com\/wp\/wp-content\/uploads\/2025\/12\/CCNR7748-1768x2048.jpg 2x\" src=\"https:\/\/www.khz-vidalbini.com\/wp\/wp-content\/uploads\/2025\/12\/CCNR7748-884x1024.jpg\" data-img-src=\"https:\/\/www.khz-vidalbini.com\/wp\/wp-content\/uploads\/2024\/09\/CCNR7748.jpg\" data-attachment-id=\"2162\"  alt=\"\" title=\"CCNR7748\" \/><\/div><\/div><figcaption hidden=\"\"><\/figcaption><\/figure><\/div><\/div><\/div><\/div><\/div><div class=\"vce-col vce-col--md-auto vce-col--xs-1 vce-col--xs-last vce-col--xs-first vce-col--sm-last vce-col--sm-first vce-col--md-last vce-col--lg-last vce-col--xl-last\" id=\"el-f73a780a\"><div class=\"vce-col-inner\" data-vce-do-apply=\"border margin background  el-f73a780a\"><div class=\"vce-col-content\" data-vce-element-content=\"true\" data-vce-do-apply=\"padding el-f73a780a\"><div class=\"vce-text-block\"><div class=\"vce-text-block-wrapper vce\" id=\"el-52e0b8cf\" data-vce-do-apply=\"all el-52e0b8cf\"><h1><span style=\"color: #000000;\">2026<br><\/span><span style=\"font-family: 'Fira Sans'; color: #000000; font-size: 14pt;\">Janvier - juillet<\/span><\/h1><p style=\"line-height: 1;\"><span class=\"a_GcMg font-feature-liga-off font-feature-clig-off font-feature-calt-off text-decoration-none text-strikethrough-none\" style=\"font-family: 'Fira Sans'; color: #000000; font-size: 10pt;\"><strong>du 5 au 8 janvier 2026 : <span style=\"color: #000000; font-family: 'Fira Sans'; font-size: 10pt;\"><span style=\"font-style: italic;\">SOMBRE<\/span><\/span><\/strong><br>cr\u00e9ation, CCAM \/ Sc\u00e8ne nationale de Vandoeuvre-l\u00e8s-Nancy<\/span><\/p><p style=\"line-height: 1;\"><span class=\"a_GcMg font-feature-liga-off font-feature-clig-off font-feature-calt-off text-decoration-none text-strikethrough-none\" style=\"font-family: 'Fira Sans'; color: #000000; font-size: 10pt;\"><strong>du 29 janvier au 1er f\u00e9vrier 2026 :<\/strong> <span style=\"color: #000000; font-family: 'Fira Sans'; font-size: 10pt;\"><strong><span style=\"font-style: italic;\">SOMBRE<\/span><\/strong><\/span><br>cr\u00e9ation, Th\u00e9\u00e2tre du march\u00e9 aux Grains - Bouxwiller<\/span><\/p><p style=\"line-height: 1;\"><span style=\"color: #000000; font-family: 'Fira Sans'; font-size: 10pt;\"><strong><span style=\"font-style: normal;\">du 12 au 13 f\u00e9vrier<\/span><span style=\"font-style: normal;\"> 2026<\/span>&nbsp;: <span style=\"font-style: italic;\">SOMBRE<\/span><\/strong><br><span class=\"a_GcMg font-feature-liga-off font-feature-clig-off font-feature-calt-off text-decoration-none text-strikethrough-none\" style=\"font-family: 'Fira Sans'; color: #000000; font-size: 10pt;\">cr\u00e9ation, Th\u00e9\u00e2tre du march\u00e9 aux Grains - Bouxwiller<\/span><br><\/span><\/p><p style=\"line-height: 1;\"><span style=\"color: #000000; font-family: 'Fira Sans'; font-size: 10pt;\"><strong><span style=\"font-style: normal;\">2-3 mars<\/span><span style=\"font-style: normal;\"> 2026<\/span>&nbsp;: <span style=\"font-style: italic;\">Jusqu'\u00e0 l'os<\/span><\/strong><br>repr\u00e9sentations \u00e0 Drusenheim<\/span><\/p><p style=\"line-height: 1;\"><span style=\"color: #000000; font-family: 'Fira Sans'; font-size: 10pt;\"><strong>16-17 mars 2026 : <span style=\"font-style: italic;\">What is<\/span><\/strong><br>repr\u00e9sentations au <span class=\"a_GcMg font-feature-liga-off font-feature-clig-off font-feature-calt-off text-decoration-none text-strikethrough-none\" style=\"font-family: 'Fira Sans'; color: #000000; font-size: 10pt;\">Nouveau Relax, sc\u00e8ne conventionn\u00e9e de Chaumont<\/span><\/span><\/p><p style=\"line-height: 1;\"><span style=\"color: #000000;\"><span style=\"font-family: 'Fira Sans'; font-size: 10pt;\"><strong>du 30 mars au 7 avril 2026 :<\/strong> <span style=\"font-weight: bold; font-style: italic;\">Coll\u00e8ge anatomie<\/span><br><\/span><span style=\"font-family: Fira Sans;\"><span style=\"font-size: 13.3333px;\">cr\u00e9ation, <span class=\"a_GcMg font-feature-liga-off font-feature-clig-off font-feature-calt-off text-decoration-none text-strikethrough-none\" style=\"font-family: 'Fira Sans'; color: #000000; font-size: 10pt;\">Th\u00e9\u00e2tre du march\u00e9 aux Grains - Bouxwiller<\/span><\/span><\/span><\/span><\/p><p style=\"line-height: 1;\"><span style=\"color: #000000;\"><span style=\"font-family: 'Fira Sans'; font-size: 10pt;\"><strong>du 8 au 19 avril 2026 :<\/strong> <span style=\"color: #000000; font-family: 'Fira Sans'; font-size: 10pt;\"><strong><span style=\"font-style: italic;\">SOMBRE<\/span><\/strong><\/span><br><\/span><span style=\"font-family: Fira Sans;\"><span style=\"font-size: 13.3333px;\">cr\u00e9ation, <span class=\"a_GcMg font-feature-liga-off font-feature-clig-off font-feature-calt-off text-decoration-none text-strikethrough-none\" style=\"font-family: 'Fira Sans'; color: #000000; font-size: 10pt;\">Th\u00e9\u00e2tre du march\u00e9 aux Grains - Bouxwiller<\/span><\/span><\/span><\/span><\/p><p style=\"line-height: 1;\"><span style=\"color: #000000; font-family: 'Fira Sans'; font-size: 10pt;\"><strong><span style=\"font-style: normal;\">du 4 au 8 mai<\/span><span style=\"font-style: normal;\"> 2026<\/span>&nbsp;: <span style=\"font-style: italic;\">Jusqu'\u00e0 l'os<br><\/span><\/strong>repr\u00e9sentations \u00e0 Brive-Tulles<\/span><\/p><p style=\"line-height: 1;\"><span style=\"color: #000000; font-family: 'Fira Sans'; font-size: 10pt;\"><strong><span style=\"font-style: normal;\">21 mai<\/span><span style=\"font-style: normal;\"> 2026<\/span>&nbsp;: <span style=\"font-style: italic;\">SOMBRE <\/span>- premi\u00e8re<span style=\"font-style: italic;\"><br><\/span><\/strong><span class=\"a_GcMg font-feature-liga-off font-feature-clig-off font-feature-calt-off text-decoration-none text-strikethrough-none\" style=\"font-family: 'Fira Sans'; color: #000000; font-size: 10pt;\">Nouveau Relax, sc\u00e8ne conventionn\u00e9e de<br>Chaumont<\/span><\/span><\/p><\/div><\/div><\/div><\/div><\/div><\/div><\/div><\/div><div class=\"vce-row-container\" data-vce-boxed-width=\"true\"><div class=\"vce-row vce-row--has-col-background vce-row--col-gap-30 vce-row-equal-height vce-row-content--top\" id=\"el-e07b5193\" data-vce-do-apply=\"all el-e07b5193\"><div class=\"vce-content-background-container\"><\/div><div class=\"vce-row-content\" data-vce-element-content=\"true\"><div class=\"vce-col vce-element--has-background vce-col--md-auto vce-col--xs-1 vce-col--xs-last vce-col--xs-first vce-col--sm-last vce-col--sm-first vce-col--md-last vce-col--lg-last vce-col--xl-last vce-col--md-first vce-col--lg-first vce-col--xl-first\" id=\"el-fbafefe2\"><div class=\"vce-col-inner\" data-vce-do-apply=\"border margin background  el-fbafefe2\"><div class=\"vce-content-background-container\"><\/div><div class=\"vce-col-content\" data-vce-element-content=\"true\" data-vce-do-apply=\"padding el-fbafefe2\"><div class=\"vce-button--style-basic-container vce-button--style-basic-container--align-center\"><span class=\"vce-button--style-basic-wrapper vce\" id=\"el-761841d5\" data-vce-do-apply=\"margin el-761841d5\"><a class=\"vce-button vce-button--style-basic vce-button--style-basic--border-rounded vce-button--style-basic--size-medium vce-button--style-basic--color-ba-0-0-0-0--b-255-255-255 vce-button--style-basic--hover-color-ba-0-0-0-0--b-22-176-149\" href=\"https:\/\/www.khz-vidalbini.com\/?page_id=56\" title=\"\" data-vce-do-apply=\"padding border background  el-761841d5\">Saisons pr\u00e9c\u00e9dentes<\/a><\/span><\/div><\/div><\/div><\/div><\/div><\/div><\/div>\n","protected":false},"excerpt":{"rendered":"<p>2026Janvier &#8211; juilletdu 5 au 8 janvier 2026 : SOMBREcr\u00e9ation, CCAM \/ Sc\u00e8ne nationale de Vandoeuvre-l\u00e8s-Nancydu 29 janvier au 1er f\u00e9vrier 2026 : SOMBREcr\u00e9ation, Th\u00e9\u00e2tre du march\u00e9 aux Grains &#8211; Bouxwillerdu 12 au 13 f\u00e9vrier 2026&nbsp;: SOMBREcr\u00e9ation, Th\u00e9\u00e2tre du march\u00e9 aux Grains &#8211; Bouxwiller2-3 mars 2026&nbsp;: Jusqu&rsquo;\u00e0 l&rsquo;osrepr\u00e9sentations \u00e0 Drusenheim16-17 mars 2026 : What isrepr\u00e9sentations [&hellip;]<\/p>\n","protected":false},"author":1,"featured_media":0,"parent":0,"menu_order":0,"comment_status":"closed","ping_status":"closed","template":"","meta":{"footnotes":""},"class_list":["post-1463","page","type-page","status-publish","hentry"],"_links":{"self":[{"href":"https:\/\/www.khz-vidalbini.com\/index.php?rest_route=\/wp\/v2\/pages\/1463","targetHints":{"allow":["GET"]}}],"collection":[{"href":"https:\/\/www.khz-vidalbini.com\/index.php?rest_route=\/wp\/v2\/pages"}],"about":[{"href":"https:\/\/www.khz-vidalbini.com\/index.php?rest_route=\/wp\/v2\/types\/page"}],"author":[{"embeddable":true,"href":"https:\/\/www.khz-vidalbini.com\/index.php?rest_route=\/wp\/v2\/users\/1"}],"replies":[{"embeddable":true,"href":"https:\/\/www.khz-vidalbini.com\/index.php?rest_route=%2Fwp%2Fv2%2Fcomments&post=1463"}],"version-history":[{"count":59,"href":"https:\/\/www.khz-vidalbini.com\/index.php?rest_route=\/wp\/v2\/pages\/1463\/revisions"}],"predecessor-version":[{"id":2198,"href":"https:\/\/www.khz-vidalbini.com\/index.php?rest_route=\/wp\/v2\/pages\/1463\/revisions\/2198"}],"wp:attachment":[{"href":"https:\/\/www.khz-vidalbini.com\/index.php?rest_route=%2Fwp%2Fv2%2Fmedia&parent=1463"}],"curies":[{"name":"wp","href":"https:\/\/api.w.org\/{rel}","templated":true}]}}