{"id":1302,"date":"2024-09-26T19:21:01","date_gmt":"2024-09-26T19:21:01","guid":{"rendered":"https:\/\/www.khz-vidalbini.com\/?page_id=1302"},"modified":"2025-12-17T15:13:24","modified_gmt":"2025-12-17T15:13:24","slug":"visual-composer-1302","status":"publish","type":"page","link":"https:\/\/www.khz-vidalbini.com\/","title":{"rendered":"Accueil"},"content":{"rendered":"<div class=\"vce-row-container\" data-vce-boxed-width=\"true\"><div class=\"vce-row vce-element--has-background vce-row--col-gap-30 vce-row-content--top\" id=\"el-733470ff\" data-vce-do-apply=\"all el-733470ff\"><div class=\"vce-content-background-container\"><div class=\"vce-asset-background-simple-container vce-visible-all-only vce-asset-background-simple--style-cover vce-asset-background-simple--position-center-center\"><div class=\"vce-asset-background-simple\">\n              <div class=\"vce-asset-background-simple-item vcv-lozad\" data-background-image=\"https:\/\/www.khz-vidalbini.com\/wp\/wp-content\/uploads\/2024\/09\/MYOTIS-X-c-Ronan-Muller-15-2-scaled-e1765979700560.jpg\"><\/div>\n              <noscript>\n                <div class=\"vce-asset-background-simple-item\" style=\"background-image: url(https:\/\/www.khz-vidalbini.com\/wp\/wp-content\/uploads\/2024\/09\/MYOTIS-X-c-Ronan-Muller-15-2-scaled-e1765979700560.jpg)\"><\/div>\n              <\/noscript>\n            <\/div><\/div><div class=\"vce-asset-color-gradient-container vce-visible-all-only\" data-vce-do-apply=\"gradient el-733470ff\"><\/div><\/div><div class=\"vce-row-content\" data-vce-element-content=\"true\"><div class=\"vce-col vce-col--md-70p vce-col--xs-1 vce-col--xs-last vce-col--xs-first vce-col--sm-last vce-col--sm-first vce-col--md-first vce-col--lg-first vce-col--xl-first\" id=\"el-6cb56a26\"><div class=\"vce-col-inner\" data-vce-do-apply=\"border margin background  el-6cb56a26\"><div class=\"vce-col-content\" data-vce-element-content=\"true\" data-vce-do-apply=\"padding el-6cb56a26\"><div class=\"vce-google-fonts-heading vce-google-fonts-heading--align-left vce-google-fonts-heading--color-b-255-255-255--45--5C00FF--FF7200 vce-google-fonts-heading--font-family-Fira-Sans\"><div id=\"el-2de7649a\" class=\"vce-google-fonts-heading-wrapper\"><div class=\"vce-google-fonts-heading--background vce\" data-vce-do-apply=\"border background  padding margin el-2de7649a\"><h5 class=\"vce-google-fonts-heading-inner\" style=\"font-size: 40px; line-height: 1.2; letter-spacing: 6px; font-weight: 600; font-style: normal;\">Cr\u00e9ations<\/h5><\/div><\/div><\/div><div class=\"vce-text-block\"><div class=\"vce-text-block-wrapper vce\" id=\"el-8ca201be\" data-vce-do-apply=\"all el-8ca201be\"><p style=\"text-align: left;\"><span style=\"color: #ffffff; font-family: 'Fira Sans';\">Retrouvez les pi\u00e8ces au r\u00e9pertoire ou en cours de cr\u00e9ation<\/span><\/p><\/div><\/div><div class=\"vce-button--style-basic-container vce-button--style-basic-container--align-left\"><span class=\"vce-button--style-basic-wrapper vce\" id=\"el-c03fe140\" data-vce-do-apply=\"margin el-c03fe140\"><a class=\"vce-button vce-button--style-basic vce-button--style-basic--border-rounded vce-button--style-basic--size-medium vce-button--style-basic--color-ba-0-0-0-0--fff vce-button--style-basic--hover-color-b-255-255-255--b-0-0-0\" href=\"https:\/\/www.khz-vidalbini.com\/?page_id=1376\" title=\"\" data-vce-do-apply=\"padding border background  el-c03fe140\">+<\/a><\/span><\/div><\/div><\/div><\/div><div class=\"vce-col vce-col--md-30p vce-col--xs-1 vce-col--xs-last vce-col--xs-first vce-col--sm-last vce-col--sm-first vce-col--md-last vce-col--lg-last vce-col--xl-last\" id=\"el-5864bccd\"><div class=\"vce-col-inner\" data-vce-do-apply=\"border margin background  el-5864bccd\"><div class=\"vce-col-content\" data-vce-element-content=\"true\" data-vce-do-apply=\"padding el-5864bccd\"><div class=\"vcv-row-control-wrapper\"><\/div><\/div><\/div><\/div><\/div><\/div><\/div><div class=\"vce-row-container\" data-vce-boxed-width=\"true\"><div class=\"vce-row vce-element--has-background vce-row--col-gap-30 vce-row-content--top\" id=\"el-b77ada5d\" data-vce-do-apply=\"all el-b77ada5d\"><div class=\"vce-content-background-container\"><div class=\"vce-asset-background-simple-container vce-visible-all-only vce-asset-background-simple--style-cover vce-asset-background-simple--position-center-center\"><div class=\"vce-asset-background-simple\">\n              <div class=\"vce-asset-background-simple-item vcv-lozad\" data-background-image=\"https:\/\/www.khz-vidalbini.com\/wp\/wp-content\/uploads\/2024\/09\/SKULL_SITE-2024.png\"><\/div>\n              <noscript>\n                <div class=\"vce-asset-background-simple-item\" style=\"background-image: url(https:\/\/www.khz-vidalbini.com\/wp\/wp-content\/uploads\/2024\/09\/SKULL_SITE-2024.png)\"><\/div>\n              <\/noscript>\n            <\/div><\/div><div class=\"vce-asset-color-gradient-container vce-visible-all-only\" data-vce-do-apply=\"gradient el-b77ada5d\"><\/div><\/div><div class=\"vce-row-content\" data-vce-element-content=\"true\"><div class=\"vce-col vce-col--md-30p vce-col--xs-1 vce-col--xs-last vce-col--xs-first vce-col--sm-last vce-col--sm-first vce-col--md-first vce-col--lg-first vce-col--xl-first\" id=\"el-a900875a\"><div class=\"vce-col-inner\" data-vce-do-apply=\"border margin background  el-a900875a\"><div class=\"vce-col-content\" data-vce-element-content=\"true\" data-vce-do-apply=\"padding el-a900875a\"><div class=\"vcv-row-control-wrapper\"><\/div><\/div><\/div><\/div><div class=\"vce-col vce-col--md-70p vce-col--xs-1 vce-col--xs-last vce-col--xs-first vce-col--sm-last vce-col--sm-first vce-col--md-last vce-col--lg-last vce-col--xl-last\" id=\"el-3eaeca0d\"><div class=\"vce-col-inner\" data-vce-do-apply=\"border margin background  el-3eaeca0d\"><div class=\"vce-col-content\" data-vce-element-content=\"true\" data-vce-do-apply=\"padding el-3eaeca0d\"><div class=\"vce-google-fonts-heading vce-google-fonts-heading--align-right vce-google-fonts-heading--color-b-255-255-255--45--5C00FF--FF7200 vce-google-fonts-heading--font-family-Montserrat\"><div id=\"el-dcee3cfd\" class=\"vce-google-fonts-heading-wrapper\"><div class=\"vce-google-fonts-heading--background vce\" data-vce-do-apply=\"border background  padding margin el-dcee3cfd\"><h5 class=\"vce-google-fonts-heading-inner\" style=\"font-size: 40px; line-height: 1.2; letter-spacing: 6px; font-weight: 700; font-style: normal;\">Transmission<\/h5><\/div><\/div><\/div><div class=\"vce-text-block\"><div class=\"vce-text-block-wrapper vce\" id=\"el-d9d196e6\" data-vce-do-apply=\"all el-d9d196e6\"><p style=\"text-align: right;\"><span style=\"color: #ffffff; font-family: 'Fira Sans';\">Depuis sa cr\u00e9ation, KiloHertZ m\u00e8ne des actions de transmission <br>aupr\u00e8s des enfants, des jeunes et des adultes, <br>en milieu scolaire ou en amateur.<\/span><\/p><\/div><\/div><div class=\"vce-button--style-basic-container vce-button--style-basic-container--align-right\"><span class=\"vce-button--style-basic-wrapper vce\" id=\"el-39dd4802\" data-vce-do-apply=\"margin el-39dd4802\"><a class=\"vce-button vce-button--style-basic vce-button--style-basic--border-rounded vce-button--style-basic--size-medium vce-button--style-basic--color-ba-0-0-0-0--fff vce-button--style-basic--hover-color-b-255-255-255--b-0-0-0\" href=\"https:\/\/www.khz-vidalbini.com\/?page_id=1905\" title=\"\" data-vce-do-apply=\"padding border background  el-39dd4802\">+<\/a><\/span><\/div><\/div><\/div><\/div><\/div><\/div><\/div><div class=\"vce-row-container\" data-vce-boxed-width=\"true\"><div class=\"vce-row vce-element--has-background vce-row--col-gap-30 vce-row-content--top\" id=\"el-9e5cb184\" data-vce-do-apply=\"all el-9e5cb184\"><div class=\"vce-content-background-container\"><div class=\"vce-asset-background-simple-container vce-visible-all-only vce-asset-background-simple--style-cover vce-asset-background-simple--position-center-center\"><div class=\"vce-asset-background-simple\">\n              <div class=\"vce-asset-background-simple-item vcv-lozad\" data-background-image=\"https:\/\/www.khz-vidalbini.com\/wp\/wp-content\/uploads\/2025\/12\/MYOTIS-X-c-Ronan-Muller-71-e1765983298195.jpg\"><\/div>\n              <noscript>\n                <div class=\"vce-asset-background-simple-item\" style=\"background-image: url(https:\/\/www.khz-vidalbini.com\/wp\/wp-content\/uploads\/2025\/12\/MYOTIS-X-c-Ronan-Muller-71-e1765983298195.jpg)\"><\/div>\n              <\/noscript>\n            <\/div><\/div><div class=\"vce-asset-color-gradient-container vce-visible-all-only\" data-vce-do-apply=\"gradient el-9e5cb184\"><\/div><\/div><div class=\"vce-row-content\" data-vce-element-content=\"true\"><div class=\"vce-col vce-col--md-70p vce-col--xs-1 vce-col--xs-last vce-col--xs-first vce-col--sm-last vce-col--sm-first vce-col--md-first vce-col--lg-first vce-col--xl-first\" id=\"el-1be8d7ad\"><div class=\"vce-col-inner\" data-vce-do-apply=\"border margin background  el-1be8d7ad\"><div class=\"vce-col-content\" data-vce-element-content=\"true\" data-vce-do-apply=\"padding el-1be8d7ad\"><div class=\"vce-google-fonts-heading vce-google-fonts-heading--align-left vce-google-fonts-heading--color-b-255-255-255--45--5C00FF--FF7200 vce-google-fonts-heading--font-family-Fira-Sans\"><div id=\"el-2a91b666\" class=\"vce-google-fonts-heading-wrapper\"><div class=\"vce-google-fonts-heading--background vce\" data-vce-do-apply=\"border background  padding margin el-2a91b666\"><h5 class=\"vce-google-fonts-heading-inner\" style=\"font-size: 40px; line-height: 1.2; letter-spacing: 6px; font-weight: 600; font-style: normal;\">KiloHertZ<\/h5><\/div><\/div><\/div><div class=\"vce-text-block\"><div class=\"vce-text-block-wrapper vce\" id=\"el-f30ea11e\" data-vce-do-apply=\"all el-f30ea11e\"><p style=\"text-align: left;\"><span style=\"color: #ffffff; font-family: 'Fira Sans';\">KiloHertZ c'est surtout la somme des personnes qui composent son \u00e9quipe !<\/span><\/p><\/div><\/div><div class=\"vce-button--style-basic-container vce-button--style-basic-container--align-left\"><span class=\"vce-button--style-basic-wrapper vce\" id=\"el-6cd2b7d0\" data-vce-do-apply=\"margin el-6cd2b7d0\"><a class=\"vce-button vce-button--style-basic vce-button--style-basic--border-rounded vce-button--style-basic--size-medium vce-button--style-basic--color-ba-0-0-0-0--fff vce-button--style-basic--hover-color-b-255-255-255--b-0-0-0\" href=\"https:\/\/www.khz-vidalbini.com\/?page_id=526\" title=\"\" data-vce-do-apply=\"padding border background  el-6cd2b7d0\">+<\/a><\/span><\/div><\/div><\/div><\/div><div class=\"vce-col vce-col--md-30p vce-col--xs-1 vce-col--xs-last vce-col--xs-first vce-col--sm-last vce-col--sm-first vce-col--md-last vce-col--lg-last vce-col--xl-last\" id=\"el-7a03c083\"><div class=\"vce-col-inner\" data-vce-do-apply=\"border margin background  el-7a03c083\"><div class=\"vce-col-content\" data-vce-element-content=\"true\" data-vce-do-apply=\"padding el-7a03c083\"><div class=\"vcv-row-control-wrapper\"><\/div><\/div><\/div><\/div><\/div><\/div><\/div>","protected":false},"excerpt":{"rendered":"<p>Cr\u00e9ationsRetrouvez les pi\u00e8ces au r\u00e9pertoire ou en cours de cr\u00e9ation+ TransmissionDepuis sa cr\u00e9ation, KiloHertZ m\u00e8ne des actions de transmission aupr\u00e8s des enfants, des jeunes et des adultes, en milieu scolaire ou en amateur.+ KiloHertZKiloHertZ c&rsquo;est surtout la somme des personnes qui composent son \u00e9quipe !+<\/p>\n","protected":false},"author":1,"featured_media":0,"parent":0,"menu_order":0,"comment_status":"closed","ping_status":"closed","template":"","meta":{"footnotes":""},"class_list":["post-1302","page","type-page","status-publish","hentry"],"_links":{"self":[{"href":"https:\/\/www.khz-vidalbini.com\/index.php?rest_route=\/wp\/v2\/pages\/1302","targetHints":{"allow":["GET"]}}],"collection":[{"href":"https:\/\/www.khz-vidalbini.com\/index.php?rest_route=\/wp\/v2\/pages"}],"about":[{"href":"https:\/\/www.khz-vidalbini.com\/index.php?rest_route=\/wp\/v2\/types\/page"}],"author":[{"embeddable":true,"href":"https:\/\/www.khz-vidalbini.com\/index.php?rest_route=\/wp\/v2\/users\/1"}],"replies":[{"embeddable":true,"href":"https:\/\/www.khz-vidalbini.com\/index.php?rest_route=%2Fwp%2Fv2%2Fcomments&post=1302"}],"version-history":[{"count":65,"href":"https:\/\/www.khz-vidalbini.com\/index.php?rest_route=\/wp\/v2\/pages\/1302\/revisions"}],"predecessor-version":[{"id":2202,"href":"https:\/\/www.khz-vidalbini.com\/index.php?rest_route=\/wp\/v2\/pages\/1302\/revisions\/2202"}],"wp:attachment":[{"href":"https:\/\/www.khz-vidalbini.com\/index.php?rest_route=%2Fwp%2Fv2%2Fmedia&parent=1302"}],"curies":[{"name":"wp","href":"https:\/\/api.w.org\/{rel}","templated":true}]}}